{"id":54,"date":"2022-01-19T17:55:56","date_gmt":"2022-01-19T08:55:56","guid":{"rendered":"urn:uuid:8f4034a0-45c0-4d83-94d6-fbc8f463c5ae"},"modified":"2025-08-01T01:06:35","modified_gmt":"2025-08-01T00:06:35","slug":"retired-models","status":"publish","type":"page","link":"https:\/\/vbpwyq.cn\/de\/products\/retired-models\/","title":{"rendered":"Eingestellte Modelle"},"content":{"rendered":"\n<p>Kawasaki geh\u00f6rt zu den weltweit f\u00fchrenden Unternehmen in Roboteranlagen. Die meisten unserer eingestellten Modelle sind auch weiterhin in der Produktion in Fabriken auf der ganzen Welt im Einsatz. Wenn Sie Teile ben\u00f6tigen oder Unterst\u00fctzung zu einem unserer Produkte w\u00fcnschen, dann wenden Sie sich bitte an unsere Kundendienstabteilung.<\/p>\n\n\n\n<p><a href=\"https:\/\/vbpwyq.cn\/uploads\/sites\/2\/2025\/07\/KHI_retiredmodels202508.pdf\" target=\"_blank\" rel=\"noreferrer noopener\">List of discontinued robot \/ controller models and discontinuation year<\/a><\/p>\n\n\n\n<h2 class=\"wp-block-heading\"><strong><strong>GRUND F\u00dcR DIE EINSTELLUNG<\/strong><\/strong><\/h2>\n\n\n\n<p>Einf\u00fchrung von Nachfolgemodellen.<\/p>\n\n\n\n<h4 class=\"wp-block-heading\"><strong>ERSATZTEILE<\/strong><\/h4>\n\n\n\n<ul class=\"wp-block-list\">\n<li>Ersatzteile f\u00fcr die betroffenen Modelle werden bis zu 10 Jahre nach dem Datum der Einstellung bereitgestellt.<\/li>\n\n\n\n<li>Kawasaki bem\u00fcht sich eingehend, Teile und Material den Kundenw\u00fcnschen entsprechend zu erlangen. Jedoch k\u00f6nnen \u00e4u\u00dfere Umst\u00e4nde wie die \u00c4nderung des Materialmarktes (d.h. eine Einstellung durch die Materialhersteller) dazu f\u00fchren, dass Kawasaki nicht in der Lage ist, Teile f\u00fcr die betroffenen Modelle bereitzustellen.<\/li>\n\n\n\n<li>Abh\u00e4ngig von der vergangenen Zeit seit der Einstellung des Produkts k\u00f6nnen sich Lieferzeiten erh\u00f6hen.<\/li>\n<\/ul>\n\n\n\n<p><\/p>\n","protected":false},"excerpt":{"rendered":"<p>Kawasaki geh\u00f6rt zu den weltweit f\u00fchrenden Unternehmen in Roboteranlagen. Die meisten unserer eingestellten Modelle sind auch weiterhin in der Produktion in Fabriken auf der ganzen Welt im Einsatz. Wenn Sie Teile ben\u00f6tigen oder Unterst\u00fctzung zu einem unserer Produkte w\u00fcnschen, dann wenden Sie sich bitte an unsere Kundendienstabteilung. List of discontinued robot \/ controller models and discontinuation year GRUND F\u00dcR DIE EINSTELLUNG Einf\u00fchrung von Nachfolgemodellen. ERSATZTEILE<\/p>\n","protected":false},"author":9,"featured_media":4739,"parent":50,"menu_order":2,"comment_status":"closed","ping_status":"closed","template":"page-templates\/custom-title-with-background.php","meta":{"ep_exclude_from_search":false,"footnotes":""},"class_list":["post-54","page","type-page","status-publish","has-post-thumbnail","hentry"],"yoast_head":"\n<title>Eingestellte Modelle | Industrieroboter von Kawasaki Robotics<\/title>\n<meta name=\"description\" content=\"Kawasaki Heavy Industries | Eingestellte Modelle\" \/>\n<meta name=\"robots\" content=\"index, follow, max-snippet:-1, max-image-preview:large, max-video-preview:-1\" \/>\n<link rel=\"canonical\" href=\"https:\/\/vbpwyq.cn\/de\/products\/retired-models\/\" \/>\n<meta property=\"og:locale\" content=\"de_DE\" \/>\n<meta property=\"og:type\" content=\"article\" \/>\n<meta property=\"og:title\" content=\"Eingestellte Modelle | Industrieroboter von Kawasaki Robotics\" \/>\n<meta property=\"og:description\" content=\"Kawasaki Heavy Industries | Eingestellte Modelle\" \/>\n<meta property=\"og:url\" content=\"https:\/\/vbpwyq.cn\/de\/products\/retired-models\/\" \/>\n<meta property=\"og:site_name\" content=\"Kawasaki Robotics\" \/>\n<meta property=\"article:modified_time\" content=\"2025-08-01T00:06:35+00:00\" \/>\n<meta property=\"og:image\" content=\"https:\/\/vbpwyq.cn\/content\/themes\/krobot-theme\/src\/images\/default\/ogp.jpg\" \/>\n\t<meta property=\"og:image:width\" content=\"1200\" \/>\n\t<meta property=\"og:image:height\" content=\"630\" \/>\n\t<meta property=\"og:image:type\" content=\"image\/jpeg\" \/>\n<meta name=\"twitter:card\" content=\"summary_large_image\" \/>\n<script type=\"application\/ld+json\" class=\"yoast-schema-graph\">{\"@context\":\"https:\/\/schema.org\",\"@graph\":[{\"@type\":\"WebPage\",\"@id\":\"https:\/\/vbpwyq.cn\/de\/products\/retired-models\/\",\"url\":\"https:\/\/vbpwyq.cn\/de\/products\/retired-models\/\",\"name\":\"Eingestellte Modelle | Industrieroboter von Kawasaki Robotics\",\"isPartOf\":{\"@id\":\"https:\/\/vbpwyq.cn\/de\/#website\"},\"primaryImageOfPage\":{\"@id\":\"https:\/\/vbpwyq.cn\/de\/products\/retired-models\/#primaryimage\"},\"image\":{\"@id\":\"https:\/\/vbpwyq.cn\/de\/products\/retired-models\/#primaryimage\"},\"thumbnailUrl\":\"https:\/\/vbpwyq.cn\/tachyon\/sites\/2\/2022\/01\/title-background-B1830324.jpg?fit=2160%2C360\",\"datePublished\":\"2022-01-19T08:55:56+00:00\",\"dateModified\":\"2025-08-01T00:06:35+00:00\",\"description\":\"Kawasaki Heavy Industries | Eingestellte Modelle\",\"breadcrumb\":{\"@id\":\"https:\/\/vbpwyq.cn\/de\/products\/retired-models\/#breadcrumb\"},\"inLanguage\":\"de\",\"potentialAction\":[{\"@type\":\"ReadAction\",\"target\":[\"https:\/\/vbpwyq.cn\/de\/products\/retired-models\/\"]}]},{\"@type\":\"ImageObject\",\"inLanguage\":\"de\",\"@id\":\"https:\/\/vbpwyq.cn\/de\/products\/retired-models\/#primaryimage\",\"url\":\"https:\/\/vbpwyq.cn\/tachyon\/sites\/2\/2022\/01\/title-background-B1830324.jpg?fit=2160%2C360\",\"contentUrl\":\"https:\/\/vbpwyq.cn\/tachyon\/sites\/2\/2022\/01\/title-background-B1830324.jpg?fit=2160%2C360\",\"width\":2160,\"height\":360,\"caption\":\"Hinweise zur CAD-Datennutzung\"},{\"@type\":\"BreadcrumbList\",\"@id\":\"https:\/\/vbpwyq.cn\/de\/products\/retired-models\/#breadcrumb\",\"itemListElement\":[{\"@type\":\"ListItem\",\"position\":1,\"name\":\"Home\",\"item\":\"https:\/\/vbpwyq.cn\/de\/\"},{\"@type\":\"ListItem\",\"position\":2,\"name\":\"Suche nach Produkten\",\"item\":\"https:\/\/vbpwyq.cn\/de\/products\/\"},{\"@type\":\"ListItem\",\"position\":3,\"name\":\"Eingestellte Modelle\"}]},{\"@type\":\"WebSite\",\"@id\":\"https:\/\/vbpwyq.cn\/de\/#website\",\"url\":\"https:\/\/vbpwyq.cn\/de\/\",\"name\":\"Kawasaki Robotics\",\"description\":\"\",\"publisher\":{\"@id\":\"https:\/\/vbpwyq.cn\/de\/#organization\"},\"potentialAction\":[{\"@type\":\"SearchAction\",\"target\":{\"@type\":\"EntryPoint\",\"urlTemplate\":\"https:\/\/vbpwyq.cn\/de\/?s={search_term_string}\"},\"query-input\":{\"@type\":\"PropertyValueSpecification\",\"valueRequired\":true,\"valueName\":\"search_term_string\"}}],\"inLanguage\":\"de\"},{\"@type\":\"Organization\",\"@id\":\"https:\/\/vbpwyq.cn\/de\/#organization\",\"name\":\"\u5ddd\u5d0e\u91cd\u5de5\u696d\u30ed\u30dc\u30c3\u30c8\u30c7\u30a3\u30d3\u30b8\u30e7\u30f3\",\"url\":\"https:\/\/vbpwyq.cn\/de\/\",\"logo\":{\"@type\":\"ImageObject\",\"inLanguage\":\"de\",\"@id\":\"https:\/\/vbpwyq.cn\/de\/#\/schema\/logo\/image\/\",\"url\":\"\",\"contentUrl\":\"\",\"caption\":\"\u5ddd\u5d0e\u91cd\u5de5\u696d\u30ed\u30dc\u30c3\u30c8\u30c7\u30a3\u30d3\u30b8\u30e7\u30f3\"},\"image\":{\"@id\":\"https:\/\/vbpwyq.cn\/de\/#\/schema\/logo\/image\/\"}}]}<\/script>\n","yoast_head_json":{"title":"Eingestellte Modelle | Industrieroboter von Kawasaki Robotics","description":"Kawasaki Heavy Industries | Eingestellte Modelle","robots":{"index":"index","follow":"follow","max-snippet":"max-snippet:-1","max-image-preview":"max-image-preview:large","max-video-preview":"max-video-preview:-1"},"canonical":"https:\/\/vbpwyq.cn\/de\/products\/retired-models\/","og_locale":"de_DE","og_type":"article","og_title":"Eingestellte Modelle | Industrieroboter von Kawasaki Robotics","og_description":"Kawasaki Heavy Industries | Eingestellte Modelle","og_url":"https:\/\/vbpwyq.cn\/de\/products\/retired-models\/","og_site_name":"Kawasaki Robotics","article_modified_time":"2025-08-01T00:06:35+00:00","og_image":[{"url":"https:\/\/vbpwyq.cn\/content\/themes\/krobot-theme\/src\/images\/default\/ogp.jpg","width":"1200","height":"630","type":"image\/jpeg"}],"twitter_card":"summary_large_image","schema":{"@context":"https:\/\/schema.org","@graph":[{"@type":"WebPage","@id":"https:\/\/vbpwyq.cn\/de\/products\/retired-models\/","url":"https:\/\/vbpwyq.cn\/de\/products\/retired-models\/","name":"Eingestellte Modelle | Industrieroboter von Kawasaki Robotics","isPartOf":{"@id":"https:\/\/vbpwyq.cn\/de\/#website"},"primaryImageOfPage":{"@id":"https:\/\/vbpwyq.cn\/de\/products\/retired-models\/#primaryimage"},"image":{"@id":"https:\/\/vbpwyq.cn\/de\/products\/retired-models\/#primaryimage"},"thumbnailUrl":"https:\/\/vbpwyq.cn\/tachyon\/sites\/2\/2022\/01\/title-background-B1830324.jpg?fit=2160%2C360","datePublished":"2022-01-19T08:55:56+00:00","dateModified":"2025-08-01T00:06:35+00:00","description":"Kawasaki Heavy Industries | Eingestellte Modelle","breadcrumb":{"@id":"https:\/\/vbpwyq.cn\/de\/products\/retired-models\/#breadcrumb"},"inLanguage":"de","potentialAction":[{"@type":"ReadAction","target":["https:\/\/vbpwyq.cn\/de\/products\/retired-models\/"]}]},{"@type":"ImageObject","inLanguage":"de","@id":"https:\/\/vbpwyq.cn\/de\/products\/retired-models\/#primaryimage","url":"https:\/\/vbpwyq.cn\/tachyon\/sites\/2\/2022\/01\/title-background-B1830324.jpg?fit=2160%2C360","contentUrl":"https:\/\/vbpwyq.cn\/tachyon\/sites\/2\/2022\/01\/title-background-B1830324.jpg?fit=2160%2C360","width":2160,"height":360,"caption":"Hinweise zur CAD-Datennutzung"},{"@type":"BreadcrumbList","@id":"https:\/\/vbpwyq.cn\/de\/products\/retired-models\/#breadcrumb","itemListElement":[{"@type":"ListItem","position":1,"name":"Home","item":"https:\/\/vbpwyq.cn\/de\/"},{"@type":"ListItem","position":2,"name":"Suche nach Produkten","item":"https:\/\/vbpwyq.cn\/de\/products\/"},{"@type":"ListItem","position":3,"name":"Eingestellte Modelle"}]},{"@type":"WebSite","@id":"https:\/\/vbpwyq.cn\/de\/#website","url":"https:\/\/vbpwyq.cn\/de\/","name":"Kawasaki Robotics","description":"","publisher":{"@id":"https:\/\/vbpwyq.cn\/de\/#organization"},"potentialAction":[{"@type":"SearchAction","target":{"@type":"EntryPoint","urlTemplate":"https:\/\/vbpwyq.cn\/de\/?s={search_term_string}"},"query-input":{"@type":"PropertyValueSpecification","valueRequired":true,"valueName":"search_term_string"}}],"inLanguage":"de"},{"@type":"Organization","@id":"https:\/\/vbpwyq.cn\/de\/#organization","name":"\u5ddd\u5d0e\u91cd\u5de5\u696d\u30ed\u30dc\u30c3\u30c8\u30c7\u30a3\u30d3\u30b8\u30e7\u30f3","url":"https:\/\/vbpwyq.cn\/de\/","logo":{"@type":"ImageObject","inLanguage":"de","@id":"https:\/\/vbpwyq.cn\/de\/#\/schema\/logo\/image\/","url":"","contentUrl":"","caption":"\u5ddd\u5d0e\u91cd\u5de5\u696d\u30ed\u30dc\u30c3\u30c8\u30c7\u30a3\u30d3\u30b8\u30e7\u30f3"},"image":{"@id":"https:\/\/vbpwyq.cn\/de\/#\/schema\/logo\/image\/"}}]}},"_links":{"self":[{"href":"https:\/\/vbpwyq.cn\/de\/wp-json\/wp\/v2\/pages\/54","targetHints":{"allow":["GET"]}}],"collection":[{"href":"https:\/\/vbpwyq.cn\/de\/wp-json\/wp\/v2\/pages"}],"about":[{"href":"https:\/\/vbpwyq.cn\/de\/wp-json\/wp\/v2\/types\/page"}],"author":[{"embeddable":true,"href":"https:\/\/vbpwyq.cn\/de\/wp-json\/wp\/v2\/users\/9"}],"replies":[{"embeddable":true,"href":"https:\/\/vbpwyq.cn\/de\/wp-json\/wp\/v2\/comments?post=54"}],"version-history":[{"count":6,"href":"https:\/\/vbpwyq.cn\/de\/wp-json\/wp\/v2\/pages\/54\/revisions"}],"predecessor-version":[{"id":6503,"href":"https:\/\/vbpwyq.cn\/de\/wp-json\/wp\/v2\/pages\/54\/revisions\/6503"}],"up":[{"embeddable":true,"href":"https:\/\/vbpwyq.cn\/de\/wp-json\/wp\/v2\/pages\/50"}],"wp:featuredmedia":[{"embeddable":true,"href":"https:\/\/vbpwyq.cn\/de\/wp-json\/wp\/v2\/media\/4739"}],"wp:attachment":[{"href":"https:\/\/vbpwyq.cn\/de\/wp-json\/wp\/v2\/media?parent=54"}],"curies":[{"name":"wp","href":"https:\/\/api.w.org\/{rel}","templated":true}]}}